{"id":369,"date":"2021-02-17T22:11:32","date_gmt":"2021-02-17T21:11:32","guid":{"rendered":"http:\/\/elzbietagrabos.pl\/?page_id=369"},"modified":"2021-05-23T13:18:13","modified_gmt":"2021-05-23T11:18:13","slug":"kosciol-w-bielinach","status":"publish","type":"page","link":"http:\/\/elzbietagrabos.pl\/?page_id=369","title":{"rendered":"Ko\u015bci\u00f3\u0142 w Bielinach"},"content":{"rendered":"<p>[et_pb_section fb_built=&#8221;1&#8243; _builder_version=&#8221;4.9.0&#8243; _module_preset=&#8221;default&#8221;][et_pb_row column_structure=&#8221;1_2,1_2&#8243; _builder_version=&#8221;4.9.0&#8243; _module_preset=&#8221;default&#8221;][et_pb_column type=&#8221;1_2&#8243; _builder_version=&#8221;4.9.0&#8243; _module_preset=&#8221;default&#8221;][et_pb_image src=&#8221;http:\/\/elzbietagrabos.pl\/wp-content\/uploads\/2021\/02\/9L1A4828-1.png&#8221; _builder_version=&#8221;4.9.0&#8243; _module_preset=&#8221;default&#8221;][\/et_pb_image][\/et_pb_column][et_pb_column type=&#8221;1_2&#8243; _builder_version=&#8221;4.9.0&#8243; _module_preset=&#8221;default&#8221;][\/et_pb_column][\/et_pb_row][\/et_pb_section][et_pb_section fb_built=&#8221;1&#8243; _builder_version=&#8221;4.9.0&#8243; _module_preset=&#8221;default&#8221;][et_pb_row _builder_version=&#8221;4.9.0&#8243; _module_preset=&#8221;default&#8221;][et_pb_column type=&#8221;4_4&#8243; _builder_version=&#8221;4.9.0&#8243; _module_preset=&#8221;default&#8221;][et_pb_text _builder_version=&#8221;4.9.0&#8243; _module_preset=&#8221;default&#8221; hover_enabled=&#8221;0&#8243; sticky_enabled=&#8221;0&#8243;]<\/p>\n<p>Wyzwanie na rok 2021<\/p>\n<p><a href=\"https:\/\/www.niedziela.pl\/artykul\/153536\/nd\/Odslonic-dawny-blask\">https:\/\/www.niedziela.pl\/artykul\/153536\/nd\/Odslonic-dawny-blask<\/a><\/p>\n<p>&nbsp;<\/p>\n<p>[\/et_pb_text][\/et_pb_column][\/et_pb_row][\/et_pb_section]<\/p>\n","protected":false},"excerpt":{"rendered":"<p>[et_pb_section fb_built=&#8221;1&#8243; _builder_version=&#8221;4.9.0&#8243; _module_preset=&#8221;default&#8221;][et_pb_row column_structure=&#8221;1_2,1_2&#8243; _builder_version=&#8221;4.9.0&#8243; _module_preset=&#8221;default&#8221;][et_pb_column type=&#8221;1_2&#8243; _builder_version=&#8221;4.9.0&#8243; _module_preset=&#8221;default&#8221;][et_pb_image src=&#8221;http:\/\/elzbietagrabos.pl\/wp-content\/uploads\/2021\/02\/9L1A4828-1.png&#8221; _builder_version=&#8221;4.9.0&#8243; _module_preset=&#8221;default&#8221;][\/et_pb_image][\/et_pb_column][et_pb_column type=&#8221;1_2&#8243; _builder_version=&#8221;4.9.0&#8243; _module_preset=&#8221;default&#8221;][\/et_pb_column][\/et_pb_row][\/et_pb_section][et_pb_section fb_built=&#8221;1&#8243; _builder_version=&#8221;4.9.0&#8243; _module_preset=&#8221;default&#8221;][et_pb_row _builder_version=&#8221;4.9.0&#8243; _module_preset=&#8221;default&#8221;][et_pb_column type=&#8221;4_4&#8243; _builder_version=&#8221;4.9.0&#8243; _module_preset=&#8221;default&#8221;][et_pb_text _builder_version=&#8221;4.9.0&#8243; _module_preset=&#8221;default&#8221; hover_enabled=&#8221;0&#8243; sticky_enabled=&#8221;0&#8243;] Wyzwanie na rok 2021 https:\/\/www.niedziela.pl\/artykul\/153536\/nd\/Odslonic-dawny-blask &nbsp; [\/et_pb_text][\/et_pb_column][\/et_pb_row][\/et_pb_section]<\/p>\n","protected":false},"author":2,"featured_media":0,"parent":0,"menu_order":0,"comment_status":"closed","ping_status":"closed","template":"","meta":{"_et_pb_use_builder":"on","_et_pb_old_content":"","_et_gb_content_width":""},"yoast_head":"<!-- This site is optimized with the Yoast SEO plugin v15.8 - https:\/\/yoast.com\/wordpress\/plugins\/seo\/ -->\n<title>Ko\u015bci\u00f3\u0142 w Bielinach - El\u017cbieta Grabo\u015b &amp; Apolonia<\/title>\n<meta name=\"robots\" content=\"index, follow, max-snippet:-1, max-image-preview:large, max-video-preview:-1\" \/>\n<link rel=\"canonical\" href=\"http:\/\/elzbietagrabos.pl\/?page_id=369\" \/>\n<meta property=\"og:locale\" content=\"pl_PL\" \/>\n<meta property=\"og:type\" content=\"article\" \/>\n<meta property=\"og:title\" content=\"Ko\u015bci\u00f3\u0142 w Bielinach - El\u017cbieta Grabo\u015b &amp; Apolonia\" \/>\n<meta property=\"og:description\" content=\"[et_pb_section fb_built=&#8221;1&#8243; _builder_version=&#8221;4.9.0&#8243; _module_preset=&#8221;default&#8221;][et_pb_row column_structure=&#8221;1_2,1_2&#8243; _builder_version=&#8221;4.9.0&#8243; _module_preset=&#8221;default&#8221;][et_pb_column type=&#8221;1_2&#8243; _builder_version=&#8221;4.9.0&#8243; _module_preset=&#8221;default&#8221;][et_pb_image src=&#8221;http:\/\/elzbietagrabos.pl\/wp-content\/uploads\/2021\/02\/9L1A4828-1.png&#8221; _builder_version=&#8221;4.9.0&#8243; _module_preset=&#8221;default&#8221;][\/et_pb_image][\/et_pb_column][et_pb_column type=&#8221;1_2&#8243; _builder_version=&#8221;4.9.0&#8243; _module_preset=&#8221;default&#8221;][\/et_pb_column][\/et_pb_row][\/et_pb_section][et_pb_section fb_built=&#8221;1&#8243; _builder_version=&#8221;4.9.0&#8243; _module_preset=&#8221;default&#8221;][et_pb_row _builder_version=&#8221;4.9.0&#8243; _module_preset=&#8221;default&#8221;][et_pb_column type=&#8221;4_4&#8243; _builder_version=&#8221;4.9.0&#8243; _module_preset=&#8221;default&#8221;][et_pb_text _builder_version=&#8221;4.9.0&#8243; _module_preset=&#8221;default&#8221; hover_enabled=&#8221;0&#8243; sticky_enabled=&#8221;0&#8243;] Wyzwanie na rok 2021 https:\/\/www.niedziela.pl\/artykul\/153536\/nd\/Odslonic-dawny-blask &nbsp; [\/et_pb_text][\/et_pb_column][\/et_pb_row][\/et_pb_section]\" \/>\n<meta property=\"og:url\" content=\"http:\/\/elzbietagrabos.pl\/?page_id=369\" \/>\n<meta property=\"og:site_name\" content=\"El\u017cbieta Grabo\u015b &amp; Apolonia\" \/>\n<meta property=\"article:modified_time\" content=\"2021-05-23T11:18:13+00:00\" \/>\n<meta name=\"twitter:card\" content=\"summary_large_image\" \/>\n<script type=\"application\/ld+json\" class=\"yoast-schema-graph\">{\"@context\":\"https:\/\/schema.org\",\"@graph\":[{\"@type\":[\"Person\",\"Organization\"],\"@id\":\"http:\/\/elzbietagrabos.pl\/#\/schema\/person\/2815e6febafcfaf0d9800fa6ddba20cd\",\"name\":\"admin\",\"image\":{\"@type\":\"ImageObject\",\"@id\":\"http:\/\/elzbietagrabos.pl\/#personlogo\",\"inLanguage\":\"pl-PL\",\"url\":\"http:\/\/1.gravatar.com\/avatar\/496e61331ff0b43909427543e093c0c9?s=96&d=mm&r=g\",\"caption\":\"admin\"},\"logo\":{\"@id\":\"http:\/\/elzbietagrabos.pl\/#personlogo\"}},{\"@type\":\"WebSite\",\"@id\":\"http:\/\/elzbietagrabos.pl\/#website\",\"url\":\"http:\/\/elzbietagrabos.pl\/\",\"name\":\"El\\u017cbieta Grabo\\u015b &amp; Apolonia\",\"description\":\"Artysta Plastyk Konserwator Dzie\\u0142 Sztuki\",\"publisher\":{\"@id\":\"http:\/\/elzbietagrabos.pl\/#\/schema\/person\/2815e6febafcfaf0d9800fa6ddba20cd\"},\"potentialAction\":[{\"@type\":\"SearchAction\",\"target\":\"http:\/\/elzbietagrabos.pl\/?s={search_term_string}\",\"query-input\":\"required name=search_term_string\"}],\"inLanguage\":\"pl-PL\"},{\"@type\":\"WebPage\",\"@id\":\"http:\/\/elzbietagrabos.pl\/?page_id=369#webpage\",\"url\":\"http:\/\/elzbietagrabos.pl\/?page_id=369\",\"name\":\"Ko\\u015bci\\u00f3\\u0142 w Bielinach - El\\u017cbieta Grabo\\u015b &amp; Apolonia\",\"isPartOf\":{\"@id\":\"http:\/\/elzbietagrabos.pl\/#website\"},\"datePublished\":\"2021-02-17T21:11:32+00:00\",\"dateModified\":\"2021-05-23T11:18:13+00:00\",\"breadcrumb\":{\"@id\":\"http:\/\/elzbietagrabos.pl\/?page_id=369#breadcrumb\"},\"inLanguage\":\"pl-PL\",\"potentialAction\":[{\"@type\":\"ReadAction\",\"target\":[\"http:\/\/elzbietagrabos.pl\/?page_id=369\"]}]},{\"@type\":\"BreadcrumbList\",\"@id\":\"http:\/\/elzbietagrabos.pl\/?page_id=369#breadcrumb\",\"itemListElement\":[{\"@type\":\"ListItem\",\"position\":1,\"item\":{\"@type\":\"WebPage\",\"@id\":\"http:\/\/elzbietagrabos.pl\/\",\"url\":\"http:\/\/elzbietagrabos.pl\/\",\"name\":\"Strona g\\u0142\\u00f3wna\"}},{\"@type\":\"ListItem\",\"position\":2,\"item\":{\"@type\":\"WebPage\",\"@id\":\"http:\/\/elzbietagrabos.pl\/?page_id=369\",\"url\":\"http:\/\/elzbietagrabos.pl\/?page_id=369\",\"name\":\"Ko\\u015bci\\u00f3\\u0142 w Bielinach\"}}]}]}<\/script>\n<!-- \/ Yoast SEO plugin. -->","_links":{"self":[{"href":"http:\/\/elzbietagrabos.pl\/index.php?rest_route=\/wp\/v2\/pages\/369"}],"collection":[{"href":"http:\/\/elzbietagrabos.pl\/index.php?rest_route=\/wp\/v2\/pages"}],"about":[{"href":"http:\/\/elzbietagrabos.pl\/index.php?rest_route=\/wp\/v2\/types\/page"}],"author":[{"embeddable":true,"href":"http:\/\/elzbietagrabos.pl\/index.php?rest_route=\/wp\/v2\/users\/2"}],"replies":[{"embeddable":true,"href":"http:\/\/elzbietagrabos.pl\/index.php?rest_route=%2Fwp%2Fv2%2Fcomments&post=369"}],"version-history":[{"count":4,"href":"http:\/\/elzbietagrabos.pl\/index.php?rest_route=\/wp\/v2\/pages\/369\/revisions"}],"predecessor-version":[{"id":913,"href":"http:\/\/elzbietagrabos.pl\/index.php?rest_route=\/wp\/v2\/pages\/369\/revisions\/913"}],"wp:attachment":[{"href":"http:\/\/elzbietagrabos.pl\/index.php?rest_route=%2Fwp%2Fv2%2Fmedia&parent=369"}],"curies":[{"name":"wp","href":"https:\/\/api.w.org\/{rel}","templated":true}]}}