{"id":111,"date":"2021-02-14T16:23:35","date_gmt":"2021-02-14T15:23:35","guid":{"rendered":"http:\/\/elzbietagrabos.pl\/?page_id=111"},"modified":"2021-02-19T20:51:06","modified_gmt":"2021-02-19T19:51:06","slug":"malarstwo","status":"publish","type":"page","link":"http:\/\/elzbietagrabos.pl\/?page_id=111","title":{"rendered":"Malarstwo"},"content":{"rendered":"<p>[et_pb_section fb_built=&#8221;1&#8243; _builder_version=&#8221;4.9.0&#8243; _module_preset=&#8221;default&#8221; custom_margin=&#8221;||-60px|||&#8221; custom_padding=&#8221;136px|||||&#8221;][et_pb_row _builder_version=&#8221;4.9.0&#8243; _module_preset=&#8221;default&#8221; column_structure=&#8221;1_2,1_2&#8243;][et_pb_column _builder_version=&#8221;4.9.0&#8243; _module_preset=&#8221;default&#8221; type=&#8221;1_2&#8243;][et_pb_image src=&#8221;http:\/\/elzbietagrabos.pl\/wp-content\/uploads\/2021\/02\/tlo-1.jpg&#8221; _builder_version=&#8221;4.9.0&#8243; _module_preset=&#8221;default&#8221; hover_enabled=&#8221;0&#8243; sticky_enabled=&#8221;0&#8243;][\/et_pb_image][\/et_pb_column][et_pb_column _builder_version=&#8221;4.9.0&#8243; _module_preset=&#8221;default&#8221; type=&#8221;1_2&#8243;][et_pb_text _builder_version=&#8221;4.9.0&#8243; _module_preset=&#8221;default&#8221; hover_enabled=&#8221;0&#8243; sticky_enabled=&#8221;0&#8243;]<\/p>\n<p class=\"p1\" style=\"text-align: center;\"><span class=\"s1\">W\u0142asn\u0105 wypowied\u017a malarsk\u0105 zacz\u0119\u0142am stosunkowo p\u00f3\u017ano, mimo i\u017c od zawsze nie rozstawa\u0142am si\u0119 z p\u0119dzlem. <\/span><\/p>\n<p class=\"p1\" style=\"text-align: center;\"><span class=\"s1\">Malarstwo to jest bardzo r\u00f3\u017cnorodne i wyp\u0142ywa z odr\u0119bnych potrzeb chwili. Niew\u0105tpliwie ukszta\u0142towana zosta\u0142am przez historycznych mistrz\u00f3w z kt\u00f3rymi spotykam si\u0119 na co dzie\u0144 w pracy. Lubi\u0119 te\u017c eksperymenty technologiczne,<span class=\"Apple-converted-space\">\u00a0 <\/span>maluj\u0105c na r\u00f3\u017cnych pod\u0142o\u017cach: p\u0142\u00f3tno, drewno, blacha, szk\u0142o, kamie\u0144, tynki oraz w technikach r\u00f3\u017cnorodnych spoiw. <\/span><\/p>\n<p>[\/et_pb_text][\/et_pb_column][\/et_pb_row][\/et_pb_section]<\/p>\n","protected":false},"excerpt":{"rendered":"<p>[et_pb_section fb_built=&#8221;1&#8243; _builder_version=&#8221;4.9.0&#8243; _module_preset=&#8221;default&#8221; custom_margin=&#8221;||-60px|||&#8221; custom_padding=&#8221;136px|||||&#8221;][et_pb_row _builder_version=&#8221;4.9.0&#8243; _module_preset=&#8221;default&#8221; column_structure=&#8221;1_2,1_2&#8243;][et_pb_column _builder_version=&#8221;4.9.0&#8243; _module_preset=&#8221;default&#8221; type=&#8221;1_2&#8243;][et_pb_image src=&#8221;http:\/\/elzbietagrabos.pl\/wp-content\/uploads\/2021\/02\/tlo-1.jpg&#8221; _builder_version=&#8221;4.9.0&#8243; _module_preset=&#8221;default&#8221; hover_enabled=&#8221;0&#8243; sticky_enabled=&#8221;0&#8243;][\/et_pb_image][\/et_pb_column][et_pb_column _builder_version=&#8221;4.9.0&#8243; _module_preset=&#8221;default&#8221; type=&#8221;1_2&#8243;][et_pb_text _builder_version=&#8221;4.9.0&#8243; _module_preset=&#8221;default&#8221; hover_enabled=&#8221;0&#8243; sticky_enabled=&#8221;0&#8243;] W\u0142asn\u0105 wypowied\u017a malarsk\u0105 zacz\u0119\u0142am stosunkowo p\u00f3\u017ano, mimo i\u017c od zawsze nie rozstawa\u0142am si\u0119 z p\u0119dzlem. Malarstwo to jest bardzo r\u00f3\u017cnorodne i wyp\u0142ywa z odr\u0119bnych potrzeb chwili. Niew\u0105tpliwie ukszta\u0142towana zosta\u0142am przez historycznych [&hellip;]<\/p>\n","protected":false},"author":2,"featured_media":0,"parent":0,"menu_order":0,"comment_status":"closed","ping_status":"closed","template":"","meta":{"_et_pb_use_builder":"on","_et_pb_old_content":"","_et_gb_content_width":""},"yoast_head":"<!-- This site is optimized with the Yoast SEO plugin v15.8 - https:\/\/yoast.com\/wordpress\/plugins\/seo\/ -->\n<title>Malarstwo - El\u017cbieta Grabo\u015b &amp; Apolonia<\/title>\n<meta name=\"robots\" content=\"index, follow, max-snippet:-1, max-image-preview:large, max-video-preview:-1\" \/>\n<link rel=\"canonical\" href=\"http:\/\/elzbietagrabos.pl\/?page_id=111\" \/>\n<meta property=\"og:locale\" content=\"pl_PL\" \/>\n<meta property=\"og:type\" content=\"article\" \/>\n<meta property=\"og:title\" content=\"Malarstwo - El\u017cbieta Grabo\u015b &amp; Apolonia\" \/>\n<meta property=\"og:description\" content=\"[et_pb_section fb_built=&#8221;1&#8243; _builder_version=&#8221;4.9.0&#8243; _module_preset=&#8221;default&#8221; custom_margin=&#8221;||-60px|||&#8221; custom_padding=&#8221;136px|||||&#8221;][et_pb_row _builder_version=&#8221;4.9.0&#8243; _module_preset=&#8221;default&#8221; column_structure=&#8221;1_2,1_2&#8243;][et_pb_column _builder_version=&#8221;4.9.0&#8243; _module_preset=&#8221;default&#8221; type=&#8221;1_2&#8243;][et_pb_image src=&#8221;http:\/\/elzbietagrabos.pl\/wp-content\/uploads\/2021\/02\/tlo-1.jpg&#8221; _builder_version=&#8221;4.9.0&#8243; _module_preset=&#8221;default&#8221; hover_enabled=&#8221;0&#8243; sticky_enabled=&#8221;0&#8243;][\/et_pb_image][\/et_pb_column][et_pb_column _builder_version=&#8221;4.9.0&#8243; _module_preset=&#8221;default&#8221; type=&#8221;1_2&#8243;][et_pb_text _builder_version=&#8221;4.9.0&#8243; _module_preset=&#8221;default&#8221; hover_enabled=&#8221;0&#8243; sticky_enabled=&#8221;0&#8243;] W\u0142asn\u0105 wypowied\u017a malarsk\u0105 zacz\u0119\u0142am stosunkowo p\u00f3\u017ano, mimo i\u017c od zawsze nie rozstawa\u0142am si\u0119 z p\u0119dzlem. Malarstwo to jest bardzo r\u00f3\u017cnorodne i wyp\u0142ywa z odr\u0119bnych potrzeb chwili. Niew\u0105tpliwie ukszta\u0142towana zosta\u0142am przez historycznych [&hellip;]\" \/>\n<meta property=\"og:url\" content=\"http:\/\/elzbietagrabos.pl\/?page_id=111\" \/>\n<meta property=\"og:site_name\" content=\"El\u017cbieta Grabo\u015b &amp; Apolonia\" \/>\n<meta property=\"article:modified_time\" content=\"2021-02-19T19:51:06+00:00\" \/>\n<meta name=\"twitter:card\" content=\"summary_large_image\" \/>\n<meta name=\"twitter:label1\" content=\"Est. reading time\">\n\t<meta name=\"twitter:data1\" content=\"1 minuta\">\n<script type=\"application\/ld+json\" class=\"yoast-schema-graph\">{\"@context\":\"https:\/\/schema.org\",\"@graph\":[{\"@type\":[\"Person\",\"Organization\"],\"@id\":\"https:\/\/elzbietagrabos.pl\/#\/schema\/person\/2815e6febafcfaf0d9800fa6ddba20cd\",\"name\":\"admin\",\"image\":{\"@type\":\"ImageObject\",\"@id\":\"https:\/\/elzbietagrabos.pl\/#personlogo\",\"inLanguage\":\"pl-PL\",\"url\":\"http:\/\/1.gravatar.com\/avatar\/496e61331ff0b43909427543e093c0c9?s=96&d=mm&r=g\",\"caption\":\"admin\"},\"logo\":{\"@id\":\"https:\/\/elzbietagrabos.pl\/#personlogo\"}},{\"@type\":\"WebSite\",\"@id\":\"https:\/\/elzbietagrabos.pl\/#website\",\"url\":\"https:\/\/elzbietagrabos.pl\/\",\"name\":\"El\\u017cbieta Grabo\\u015b &amp; Apolonia\",\"description\":\"Artysta Plastyk Konserwator Dzie\\u0142 Sztuki\",\"publisher\":{\"@id\":\"https:\/\/elzbietagrabos.pl\/#\/schema\/person\/2815e6febafcfaf0d9800fa6ddba20cd\"},\"potentialAction\":[{\"@type\":\"SearchAction\",\"target\":\"https:\/\/elzbietagrabos.pl\/?s={search_term_string}\",\"query-input\":\"required name=search_term_string\"}],\"inLanguage\":\"pl-PL\"},{\"@type\":\"WebPage\",\"@id\":\"http:\/\/elzbietagrabos.pl\/?page_id=111#webpage\",\"url\":\"http:\/\/elzbietagrabos.pl\/?page_id=111\",\"name\":\"Malarstwo - El\\u017cbieta Grabo\\u015b &amp; Apolonia\",\"isPartOf\":{\"@id\":\"https:\/\/elzbietagrabos.pl\/#website\"},\"datePublished\":\"2021-02-14T15:23:35+00:00\",\"dateModified\":\"2021-02-19T19:51:06+00:00\",\"breadcrumb\":{\"@id\":\"http:\/\/elzbietagrabos.pl\/?page_id=111#breadcrumb\"},\"inLanguage\":\"pl-PL\",\"potentialAction\":[{\"@type\":\"ReadAction\",\"target\":[\"http:\/\/elzbietagrabos.pl\/?page_id=111\"]}]},{\"@type\":\"BreadcrumbList\",\"@id\":\"http:\/\/elzbietagrabos.pl\/?page_id=111#breadcrumb\",\"itemListElement\":[{\"@type\":\"ListItem\",\"position\":1,\"item\":{\"@type\":\"WebPage\",\"@id\":\"https:\/\/elzbietagrabos.pl\/\",\"url\":\"https:\/\/elzbietagrabos.pl\/\",\"name\":\"Strona g\\u0142\\u00f3wna\"}},{\"@type\":\"ListItem\",\"position\":2,\"item\":{\"@type\":\"WebPage\",\"@id\":\"http:\/\/elzbietagrabos.pl\/?page_id=111\",\"url\":\"http:\/\/elzbietagrabos.pl\/?page_id=111\",\"name\":\"Malarstwo\"}}]}]}<\/script>\n<!-- \/ Yoast SEO plugin. -->","_links":{"self":[{"href":"http:\/\/elzbietagrabos.pl\/index.php?rest_route=\/wp\/v2\/pages\/111"}],"collection":[{"href":"http:\/\/elzbietagrabos.pl\/index.php?rest_route=\/wp\/v2\/pages"}],"about":[{"href":"http:\/\/elzbietagrabos.pl\/index.php?rest_route=\/wp\/v2\/types\/page"}],"author":[{"embeddable":true,"href":"http:\/\/elzbietagrabos.pl\/index.php?rest_route=\/wp\/v2\/users\/2"}],"replies":[{"embeddable":true,"href":"http:\/\/elzbietagrabos.pl\/index.php?rest_route=%2Fwp%2Fv2%2Fcomments&post=111"}],"version-history":[{"count":13,"href":"http:\/\/elzbietagrabos.pl\/index.php?rest_route=\/wp\/v2\/pages\/111\/revisions"}],"predecessor-version":[{"id":529,"href":"http:\/\/elzbietagrabos.pl\/index.php?rest_route=\/wp\/v2\/pages\/111\/revisions\/529"}],"wp:attachment":[{"href":"http:\/\/elzbietagrabos.pl\/index.php?rest_route=%2Fwp%2Fv2%2Fmedia&parent=111"}],"curies":[{"name":"wp","href":"https:\/\/api.w.org\/{rel}","templated":true}]}}